{"id":31447,"date":"2021-07-07T11:41:43","date_gmt":"2021-07-07T08:41:43","guid":{"rendered":"https:\/\/pood.viperformance.ee\/tingimused\/"},"modified":"2022-04-23T12:23:00","modified_gmt":"2022-04-23T10:23:00","slug":"tingimused","status":"publish","type":"page","link":"https:\/\/pood.viperformance.ee\/ru\/tingimused\/","title":{"rendered":"\u0423\u0441\u043b\u043e\u0432\u0438\u044f"},"content":{"rendered":"\t\t<div data-elementor-type=\"wp-page\" data-elementor-id=\"31447\" class=\"elementor elementor-31447 elementor-11904\" data-elementor-post-type=\"page\">\n\t\t\t\t\t\t<section class=\"elementor-section elementor-top-section elementor-element elementor-element-b0e6960 elementor-section-boxed elementor-section-height-default elementor-section-height-default\" data-id=\"b0e6960\" data-element_type=\"section\">\n\t\t\t\t\t\t<div class=\"elementor-container elementor-column-gap-default\">\n\t\t\t\t\t<div class=\"elementor-column elementor-col-100 elementor-top-column elementor-element elementor-element-07533cf\" data-id=\"07533cf\" data-element_type=\"column\">\n\t\t\t<div class=\"elementor-widget-wrap elementor-element-populated\">\n\t\t\t\t\t\t<div class=\"elementor-element elementor-element-e9ef36b color-scheme-inherit text-left elementor-widget elementor-widget-text-editor\" data-id=\"e9ef36b\" data-element_type=\"widget\" data-widget_type=\"text-editor.default\">\n\t\t\t\t<div class=\"elementor-widget-container\">\n\t\t\t\t\t\t\t\t\t<p>TELLIMISTINGIMUSED<\/p><p>Viperformance.ee on internetipood, mida opereerib VIPERFORMANCE O\u00dc reg kood 12620239.<br \/>VIPERFORMANCE O\u00dc omab ladu, kuid harvemini ostetavad kaubad tarnitakse tootjalt internetipoe vahendusel.<\/p><p>Kauba valimine<\/p><p>Leidke endale sobiv toode meie elektroonilisest kataloogist. M\u00fc\u00fcdavate varuosade kohta leiate kirjelduse nende juurest. Kirjeldusest n\u00e4ete millisele s\u00f5iduauto margile ja mudelile varuosa sobib ja milliseid analooge varuosale on, see annab Teile v\u00f5imaluse veenduda kas pakutav toode sobib konkreetselt Teie s\u00f5idukile v\u00f5i mitte.<\/p><p>Juhul, kui Teil tekib kahltusi, kas konkreetne detail siiski Teie s\u00f5idukile sobib, soovitame kindluse m\u00f5ttes konsulteerida, enne ostu sooritamist, meie t\u00f6\u00f6tajatega kas telefoni teel v\u00f5i e-posti kaudu.<\/p><p>Ostu vormistamine<\/p><p>Kui olete soovitud toote v\u00e4lja valinud, vajutage ikoonile \u201eLisa ostukorvi\u201c. Kaup lisatakse automaatselt Teie ostukorvi, mille j\u00e4rgselt v\u00f5ite j\u00e4tkata teiste toodete valimist v\u00f5i asuda tellimust esitama.<br \/>Tellimuse esitamiseks liikuge oma ostukorvi ja klikkige ikoonile \u201eJ\u00e4tka vormistamist\u201c. J\u00e4rgmise sammuna palub s\u00fcsteem vormistada kliendikonto v\u00f5i selle olemasolul sinna siseneda.<br \/>Uue kliendikonto loomisel t\u00e4itke t\u00e4helepanelikult k\u00f5ik v\u00e4ljad kuna nimetatust s\u00f5ltub Teie tellimuse t\u00e4itmise kiirus ja t\u00e4psus ning v\u00f5imalik hilisem pretensioonide lahendamine.<br \/>Olemasolevale kliendikontole sisenedes veenduge, et tarneaadress ja arve saaja rekvisiidid on \u00f5iged ning vajutage ikoonile \u201eVormista tellimus\u201c.<br \/>J\u00e4rgmise sammuna palume Teil valida kauba k\u00e4ttesaamise viisi ja kinnitada k\u00e4esolevate tingimustega tutvumist. Tigimustega tutvumise kinnituse saamise j\u00e4rgselt vajutage uuesti ikoonile \u201eVormista tellimus\u201c, mille j\u00e4rgselt kuvatakse teile l\u00f5plik tellimus ning palutakse valida tellimuse eest tasumise viis.<\/p><p>Tasumise viisid<\/p><p>Makseviisidena v\u00f5ite valida tasumise kas pangakaardi v\u00f5i panga\u00fclekandega. Kui olete ostu eest tasunud, saadetakse teie poolt kliendikontole m\u00e4rgitud elektronpostiaadressile tellimuse teatis, milles n\u00e4idatakse \u00e4ra tellimuse number, tellitavate toodete nimistu ja hind ning ostu eest tasuja andmed ja tarneaadress.<\/p><p>Ostu turvalisus<\/p><p>Viperformance.ee on turvatud ostukeskkond. Kaardiga tasumisel ei kuvata m\u00fc\u00fcjale kaardi andmeid k.a. arveldusarve numbrit ning selle omanikku, millelt ostu eest tasuti. Kaardimakse l\u00e4biviimiseks suunatakse ostja kaardimaksekeskuse lehele ning viimatimainitul toimuvat m\u00fc\u00fcjale ei kuvata. Kaardimaksekeskus teavitab m\u00fc\u00fcjat vaid tehingu toimumisest.<\/p><p>\u00dcldtingimused<\/p><p>1.1 K\u00e4esolevad tellimistingimused reguleerivad kliendi (ostja) ja kauba vahendaja (m\u00fc\u00fcja) VIPERFORMANCE O\u00dc (reg kood 12620239) vahelisi suhteid. K\u00e4solevates tingimustes kasutatakse vastavalt m\u00f5isteid \u201eostja\u201c ja \u201em\u00fc\u00fcja\u201c ning juhul, kui m\u00f5eldakse m\u00f5lemaid osapooli korraga; m\u00f5istet \u201epooled\u201c.<br \/>\u00dcld- ja eritingimuste vastuolu korral kehtivad eritingimused.<\/p><p>1.2 K\u00f5ik k\u00e4esolevas internetipoes n\u00e4idatud hinnad on eurodes ja sisaldavad kehtivat k\u00e4ibemaksu.<\/p><p>1.3 Internetipoes viperformance.ee sooritatavad toimingud on allutatud Eesti Vabariigi seadustele millest tulenevalt lahendatakse k\u00fcsimused, millised ei ole reguleeritud k\u00e4esolevate tingimustega Eesti Vabariigi kehtiva seadusandluse kohaselt.<\/p><p>1.4 Pooltevahelistest suhetest tekkivad vaidlused proovitakse lahendada esmajoones pooltevaheliste l\u00e4bir\u00e4\u00e4kimiste teel, l\u00e4bir\u00e4\u00e4kimistulemuse mittesaavutamisel on pooltel \u00f5igus kasutada neile selleks antud \u00f5iguskaitsevahendeid. Pooltevahelised kohtuvaidlused lahendatakse Harju Maakohtus.<\/p><p>Eritingimused<\/p><p>M\u00fc\u00fcja \u00f5igused ja kohustused<\/p><p>2.1 M\u00fc\u00fcjal on \u00f5igus muuta ja t\u00e4iendada k\u00e4esolevaid tingimusi. Tingimuste- ja hinnamuudatused kuvatakse m\u00fc\u00fcja kodulehel, muudatused j\u00f5ustuvad nende avaldamisel.<br \/>Muudatuste tegemisel kehtivad pooltevahelistele suhetele tingimused, millised kehtisid ostu tasumise hetkel.<\/p><p>2.2 M\u00fc\u00fcjal on \u00f5igus teha hinnaalandusi. Hinnaalanduse kampaania korras tegemisel kehtivad ostjale hinnad, millised olid kuvatud tasumise hetkel.<\/p><p>2.3 M\u00fc\u00fcja vastutab tootekoodide vastavuse eest hinnale ning hindade \u00f5igsuse eest.<\/p><p>2.4 M\u00fc\u00fcja ei vastuta tootekirjelduse ja\/v\u00f5i piltidel kujutatu \u00f5igsuse eest kuna tootjad omavad \u00f5igust muuta tootespetsifikatsioone etteteatamiseta. Juhul kui eeltoodust tulenevalt ei sobi ostetud toode ostjale, kuulub kohaldamisele k\u00e4esolevate tingimuste ostu-m\u00fc\u00fcgilepingust taganemise \u00f5iguse peat\u00fckis s\u00e4testatu.<\/p><p>Ostu- m\u00fc\u00fcgitehingu toimumine<\/p><p>3.1 M\u00fc\u00fcja v\u00f5tab ostjatelt tellimusi vastu vaid internetipoe vahendusel.<\/p><p>3.2 Ostu-m\u00fc\u00fcgileping loetakse s\u00f5lmituks alles p\u00e4rast ostu eest tasutud summa t\u00e4ielikku laekumist m\u00fc\u00fcja arveldusarvele.<\/p><p>Ostu t\u00fchistamine<\/p><p>4.1 Ostjal on v\u00f5imalus t\u00fchistada tasumata ostusoov eemaldades lisatud toote ostukorvist. Toote ostukorvist eemaldamise j\u00e4rgselt loetakse ost t\u00fchistatuks ning ostjal on v\u00f5imalus valida kas m\u00f5ni muu toode v\u00f5i j\u00e4tta ostutehing teostamata.<\/p><p>4.2 Tasumata ost t\u00fchistatakse automaatselt kui ostja ei ole tasunud ostukorvi lisatud toote eest kahe t\u00f6\u00f6p\u00e4eva m\u00f6\u00f6dudes.<\/p><p>4.3 Juhul kui ostja soovib t\u00fchistada juba tasutud ostu enne ostetud toote k\u00e4ttesaamist, peab ostja kontakteeruma m\u00fc\u00fcjaga m\u00fc\u00fcja e-posti\u00a0info@viperformance.ee\u00a0kaudu.<\/p><p>Kauba k\u00e4ttetoimetamine<\/p><p>5.1 Ostjal on v\u00f5imalus valida kahe kauba k\u00e4ttetoimetamise viisi vahel:<br \/>\u2013 tulles isiklikult kaubale j\u00e4rgi m\u00fc\u00fcja lattu,<br \/>\u2013 vastuv\u00f5tmisega kullerilt.<\/p><p>Isiklikult m\u00fc\u00fcja lattu kaubale j\u00e4reletulemisel toote ostuhinnale lisatasu ei lisata. Kulleriga kauba kohaletoimetamise eest lasub ostjal kohustus maksta kohaletoimetamise tasu millise suurus kuvatakse ostu sooritamise hetkel ning tasutakse koos ostetud kauba eest tasumisega.<\/p><p>5.2 M\u00fc\u00fcja lattu kaubale j\u00e4reletulemisel on v\u00f5imalik kaup k\u00e4tte saada t\u00f6\u00f6p\u00e4evadel kella 09.00-st kuni kella 16.30-ni.<\/p><p>5.3 Kauba kohaletoimetamisel kulleri vahendusel lepib ostja t\u00e4pse kauba kohaletoimetamise kellaaja kokku kulleriga.<\/p><p>5.4 Kuller annab ostetud kauba \u00fcle ostja poolt m\u00e4rgitud aadressil. Juhul kui ostetud toode on selline, millise k\u00e4est k\u00e4tte \u00fcleandmine ei ole m\u00f5istlikult eeldatav, laadib kuller toote maha v\u00f5imalikult l\u00e4hedal tarneaadressile.<br \/>Juhime t\u00e4helepanu, et toodete, milliste \u00fcleandmine k\u00e4est k\u00e4tte ei ole m\u00f5istlikult eeldatav, \u00fcleandmisel, puudub kulleril kohustus osaleda mahalaadimisel ning on ostja vastutus tagada, et mahalaadimiseks oleks v\u00f5imalus.<\/p><p>5.5 Kauba vastuv\u00f5tmisel on ostjal kohustus kontrollida, et tarnitud kauba tellimusnumber vastab ostetud kauba tellimusnumbrile ning visuaalselt kontrollida, et tarnitud kaubal ja\/v\u00f5i selle pakendil puuduvad vigastused.<\/p><p>5.6 Juhul kui on selge, et kliendile \u00fcritatakse \u00fcle anda kaupa, milline ei ole tellitud tema poolt, tellimuse number ei vasta tanitaval kaubal oleavale tellimuse numbrile, on ostjal \u00f5igus keelduda tarnitava kauba vastuv\u00f5tmisest. Sellisest juhtumist on ostja kohustatud koheselt m\u00fc\u00fcjat informeerima e-posti vahendusel aadressile\u00a0info@viperformance.ee\u00a0m\u00e4rkides \u00e4ra tellimuse numbri ning vale tellimuse k\u00e4ttetoimetamise aja ja koha.<\/p><p>5.7 Juhul, kui alles pakendi avamise j\u00e4rgselt selgub, et on tarnitud vale kaup, on ostja kohustatud nimetatud asjaolust koheselt m\u00fc\u00fcjat informeerima e-posti vahendusel aadressile\u00a0info@viperformance.\u00a0ee m\u00e4rkides \u00e4ra tellimuse numbri ning vale tellimuse k\u00e4ttetoimetamise aja ja koha.<\/p><p>5.8 Kui ostjale on tarnitud vale kaup m\u00fc\u00fcja s\u00fc\u00fcl, kohustub m\u00fc\u00fcja omal kulul vahetama valesti tarnitud kauba \u00f5ige kauba vastu v\u00e4lja ning vedama ostjale valesti tarnitud kauba omal kulul ostja juurest \u00e4ra.<\/p><p>Ostetud toote tarnimise v\u00f5imatus<\/p><p>6 Juhul kui ostja poolt ostetud kauba tarnimine ei ole v\u00f5imalik, teavitab m\u00fc\u00fcja ostjat tarne v\u00f5imatusest koheselt ja<br \/>\u2013 juhul kui ostu eest on tasutud panga\u00fclekandega, tagastab tasutud summa pangaarvele millelt summa tasuti hiljemalt kolme t\u00f6\u00f6p\u00e4eva m\u00f6\u00f6dudes kliendi teavitamisest,<br \/>\u2013 juhul kui ostu eest tasuti pangakaardiga, palub koos teavitusega m\u00fc\u00fcja ostjat esitada pangaarve, millele tasutud summad tagastada. Pangaarve saamise j\u00e4rgselt tagastab m\u00fc\u00fcja tasutud summa hiljemalt kolme t\u00f6\u00f6p\u00e4eva m\u00f6\u00f6dumisel p\u00e4evast, mil ostja m\u00fc\u00fcjat pangarekvisiitidest teavitas.<\/p><p>M\u00fc\u00fcdud toodete garantii<\/p><p>7.1 K\u00f5igile m\u00fc\u00fcja poolt m\u00fc\u00fcdavatele toodetele kehtib tootjagarantii vastavalt tootja poolt m\u00e4\u00e4ratud garantiiaja pikkusele ning tingimustele.<\/p><p>7.2 Garantiitalong saadetakse ostja elektonprostiaadressile ning garantiiaja kulgemise alguseks loetakse kauba ostjale \u00fcleandmise hetk.<\/p><p>7.3 Garantiijuhtumi asetleidmisel on ostja kohustatud sellest viivitamatult teavitama m\u00fc\u00fcjat e-posti vahendusel aadressile\u00a0info@viperformance.ee\u00a0ning esitama teavitusega koos e-posti teel ostjale saadetud tellimuse teatise ja garantiitalongi. Garantiijuhtumit k\u00e4sitletakse vaid juhul kui ostja on m\u00fc\u00fcjale esitanud eelnimetatud dokumendid ning defektse toote.<\/p><p>7.4 Garantiijuhtumi asetleidmisel on ostja kohustatud toimetama defektse toote m\u00fc\u00fcja lattu. Defektse toote lattu toimetamise aja ja koha teatab m\u00fc\u00fcja ostjale e-kirjaga vastusena ostja teavitusele garantiijuhtumi asetleidmise kohta.<\/p><p>7.5 Juhul kui defektsel tootel on seerianumber ning see on kas eemaldatud v\u00f5i loetamatu, on m\u00fc\u00fcjal \u00f5igus keelduda garantiiremondi teostamisest.<\/p><p>7.6 Defektse toote saamise j\u00e4rgselt kontrollib m\u00fc\u00fcja kas defketsele tootele laienevad k\u00e4esolevate tingimustega s\u00e4testatud garantiihoolduse kohustused ning kui hoolduskohustus on olemas, informeerib m\u00fc\u00fcja ostjat e-posti vahendusel eeldatavast defektse toote remondi kestvuse ajast.<\/p><p>7.7 Juhul kui defektset toodet ei ole v\u00f5imalik remontida ja\/v\u00f5i asendada, teavitab m\u00fc\u00fcja ostjat koheselt nimetatud faktist ning ostja poolt m\u00fc\u00fcjale tasutud summad tagastatakse ostjale k\u00e4esolevate tingimuste punktis 9.1 v\u00f5i 9.2 s\u00e4testatud korras.<\/p><p>Ostu-m\u00fc\u00fcgilepingust taganemise \u00f5igus<\/p><p>8.1 Ostjal on \u00f5igus taganeda k\u00e4esolevast ostu-m\u00fc\u00fcgilepingust 14 p\u00e4eva jooksul alates kauba k\u00e4ttesaamise p\u00e4evast.<\/p><p>8.2 Oma soovist kasutada k\u00e4esolevate tingimuste punktis 8.1 antud \u00f5igust, on ostja kohustatud koheselt teavitama m\u00fc\u00fcjat, saates m\u00fc\u00fcja e-postiaadressile\u00a0info@viperformance.ee\u00a0teatise taganemise sooviga ning m\u00e4rkides selles soovis \u00e4ra tellimuse numbri ning tarnekuup\u00e4eva. Juhul kui \u00fche tellimusega on tarnitud mitu toodet ning ostja soovib taganeda lepingust vaid osaliselt, on ostja kohustatud m\u00fc\u00fcjat teavitama ka konkreetsest tootest v\u00f5i toodetest millise osas lepingust taganeda soovitakse.<\/p><p>8.3 M\u00fc\u00fcja teavitab ostjat sellest, et on taganemisavalduse k\u00e4tte saanud ning m\u00e4rgib \u00e4ra kauba tagastamise aja ja koha. Kauba tagastamine toimub ostja kulul.<\/p><p>8.4 Juhul kui ostja kasutab k\u00e4esolevate tingimuste punktist 8.1 tulenevat taganemis\u00f5igust on ta kohustatud tagastatava toote tagastama m\u00fc\u00fcjale originaalpakendis s.t. ostja on kohustatud s\u00e4ilitama ostetud toote pakendi k\u00e4esolevate tingimuste punktis 8.1 m\u00e4rgitud perioodil. Juhul kui ostja tagastab m\u00fc\u00fcjale toote originaalpakendita, on m\u00fc\u00fcjal \u00f5igus v\u00e4hendada tagastamisele kuuluvat summat 10% ulatuses ostetud toote eest tasutud summast.<\/p><p>8.5 Olles saanud tagastatava kauba, kontrollib m\u00fc\u00fcja tagastamisviisi ja \u00f5iguse vastavust k\u00e4esolevatele tingimustele ning koostab selle kohta akti. Aktis m\u00e4rgitakse \u00e4ra kas tagastataval kaubal esineb puuduseid milised v\u00e4listavad kauba tagastamise v\u00f5i annavad aluse tagastatava summa v\u00e4hendamiseks. M\u00fc\u00fcja edastab nimetatud akti ostja e-postiaadressile. Ostjal on \u00f5igus esitada aktile vastuv\u00e4ide kolme t\u00f6\u00f6p\u00e4eva jooksul. Vastuv\u00e4ite ostjale esitamise p\u00e4evaks loetakse p\u00e4ev, mil m\u00fc\u00fcja saatis ostjale akti e-kirjaga. K\u00e4esolevas punktis s\u00e4testatud t\u00e4htajal vastuv\u00e4ite esitamata j\u00e4tmisel, loetakse ostja n\u00f5ustunuks aktis m\u00e4rgituga.<\/p><p>8.6 M\u00fc\u00fcjal on \u00f5igus j\u00e4tta tagastatav kaup vastu v\u00f5tmata, kui tagastatav kaup on m\u00fc\u00fcjale tagastatud rohkem kui 30 p\u00e4eva m\u00f6\u00f6dudes p\u00e4evast mil tagastatav toode ostjale \u00fcle anti.<\/p><p>8.7 M\u00fc\u00fcjal on \u00f5igus j\u00e4tta tagastatav kaup vastu v\u00f5tmata juhul, kui kaup on m\u00fc\u00fcjale tagastatud k\u00e4esolevate tengimuste punktis 8.2 s\u00e4testatut rikkudes.<\/p><p>8.8 M\u00fc\u00fcjal on \u00f5igus j\u00e4tta tagastatav kaup vastu v\u00f5tmata kui tagastatav kaup ei ole komplektne. Mittekoplektsuseks loetakse ka tootja poolt tootega kaasas olnud dokumentatsiooni puudumine.<\/p><p>8.9 M\u00fc\u00fcjal tekib kohustus tagastada ostjale tagastatava kauba maksumus vaid k\u00e4esolevates tingimustes s\u00e4testatud korras ning ulatuses. Kauba kohaletoimetamise tasu tagastamise kohustus m\u00fc\u00fcjal puudub.<\/p><p>8.10 Tagastamisele kuuluv summa kantakse ostja arveldusarvele \u00fcle k\u00e4esolevate tingimuste punktis 9.1 v\u00f5i 9.2 s\u00e4testatud korras.<\/p><p>Ostetud kauba eest tasutu tagastamine<\/p><p>9.1 Juhul kui tagastamisele kuuluv summa on ostja poolt m\u00fc\u00fcjale tasutud panga\u00fclekandega, teavitab m\u00fc\u00fcja ostjat e-posti vahendusel tagastamisele kuuluva summa suurusest ning arveldusarve numbri kuhu summa tagastatakse. Tagastamisele kuuluv summa kantakse ostjale \u00fcle mitte hiljem kui 30 p\u00e4eva m\u00f6\u00f6dudes k\u00e4esoleva punkti esimeses lauses m\u00e4rgitud e-kirja saatmisest.<\/p><p>9.2 Juhul kui tagastamisele kuuluv summa on ostja poolt m\u00fc\u00fcjale tasutud pangakaardiga, saadab m\u00fc\u00fcja ostjale e-kirja, millega palub ostjal esitada arveldusarve numbri ning arve omaniku andmed, kuhu tagastamisele kuuluv summa \u00fcle kanda. Tagastamisele kuuluv summa kantakse ostjale \u00fcle mitte hiljem kui 30 p\u00e4eva m\u00f6\u00f6dudes alates p\u00e4evast, mil ostja on m\u00fc\u00fcjat teavitanud k\u00e4esoleva punkti esimeses lauses m\u00e4rgitud andmetest.<\/p><p>V\u00e4\u00e4ramatu j\u00f5ud<\/p><p>10.1 Pooltel on \u00f5igus k\u00f5rvale kalduda k\u00e4esolevas lepingus s\u00e4testatud kohustuste t\u00e4itmisest juhul, kui k\u00f5rvalekalle on tingitud v\u00e4\u00e4ramatust j\u00f5ust. V\u00e4\u00e4ramatu j\u00f5u sisustamisel l\u00e4htuvad pooled Eesti Vabariigi kohtupraktikas v\u00e4ljakujunenust.<\/p><p>10.2 Pool, kes tugineb oma tegevuses v\u00e4\u00e4ramatu j\u00f5u esinemise faktile, on kohustatud sellest teist poolt koheselt teavitama n\u00e4idates teavituses \u00e4ra millise v\u00e4\u00e4ramatu j\u00f5uga on tegemist ning millisel m\u00e4\u00e4ral see m\u00f5jutab poole tegevust.<\/p><p>10.3 Juhul kui v\u00e4\u00e4ramatu j\u00f5ud kestab rohkem kui 30 p\u00e4eva, on pooltel \u00f5igus pooltevaheline \u00f5igussuhe \u00fcles \u00f6elda ja kasutada k\u00e4esolevatest tingimustest ning seadusest tulenevaid \u00f5iguskaitsevahendeid.<\/p>\t\t\t\t\t\t\t\t<\/div>\n\t\t\t\t<\/div>\n\t\t\t\t\t<\/div>\n\t\t<\/div>\n\t\t\t\t\t<\/div>\n\t\t<\/section>\n\t\t\t\t<\/div>\n\t\t","protected":false},"excerpt":{"rendered":"<p>TELLIMISTINGIMUSED Viperformance.ee on internetipood, mida opereerib VIPERFORMANCE O\u00dc reg kood 12620239. VIPERFORMANCE O\u00dc omab ladu, kuid harvemini ostetavad kaubad tarnitakse<\/p>\n","protected":false},"author":1,"featured_media":0,"parent":0,"menu_order":0,"comment_status":"closed","ping_status":"closed","template":"","meta":{"inline_featured_image":false,"footnotes":""},"class_list":["post-31447","page","type-page","status-publish","hentry"],"_links":{"self":[{"href":"https:\/\/pood.viperformance.ee\/ru\/wp-json\/wp\/v2\/pages\/31447","targetHints":{"allow":["GET"]}}],"collection":[{"href":"https:\/\/pood.viperformance.ee\/ru\/wp-json\/wp\/v2\/pages"}],"about":[{"href":"https:\/\/pood.viperformance.ee\/ru\/wp-json\/wp\/v2\/types\/page"}],"author":[{"embeddable":true,"href":"https:\/\/pood.viperformance.ee\/ru\/wp-json\/wp\/v2\/users\/1"}],"replies":[{"embeddable":true,"href":"https:\/\/pood.viperformance.ee\/ru\/wp-json\/wp\/v2\/comments?post=31447"}],"version-history":[{"count":1,"href":"https:\/\/pood.viperformance.ee\/ru\/wp-json\/wp\/v2\/pages\/31447\/revisions"}],"predecessor-version":[{"id":31472,"href":"https:\/\/pood.viperformance.ee\/ru\/wp-json\/wp\/v2\/pages\/31447\/revisions\/31472"}],"wp:attachment":[{"href":"https:\/\/pood.viperformance.ee\/ru\/wp-json\/wp\/v2\/media?parent=31447"}],"curies":[{"name":"wp","href":"https:\/\/api.w.org\/{rel}","templated":true}]}}