{"id":31453,"date":"2017-06-27T06:20:05","date_gmt":"2017-06-27T03:20:05","guid":{"rendered":"https:\/\/pood.viperformance.ee\/kontakt\/"},"modified":"2025-03-04T18:36:13","modified_gmt":"2025-03-04T16:36:13","slug":"kontakt","status":"publish","type":"page","link":"https:\/\/pood.viperformance.ee\/ru\/kontakt\/","title":{"rendered":"\u041a\u043e\u043d\u0442\u0430\u043a\u0442\u044b"},"content":{"rendered":"\t\t<div data-elementor-type=\"wp-page\" data-elementor-id=\"31453\" class=\"elementor elementor-31453 elementor-651\" data-elementor-post-type=\"page\">\n\t\t\t\t\t\t<section class=\"elementor-section elementor-top-section elementor-element elementor-element-8694397 wd-section-stretch-content elementor-section-boxed elementor-section-height-default elementor-section-height-default\" data-id=\"8694397\" data-element_type=\"section\">\n\t\t\t\t\t\t<div class=\"elementor-container elementor-column-gap-no\">\n\t\t\t\t\t<div class=\"elementor-column elementor-col-100 elementor-top-column elementor-element elementor-element-8561311\" data-id=\"8561311\" data-element_type=\"column\">\n\t\t\t<div class=\"elementor-widget-wrap elementor-element-populated\">\n\t\t\t\t\t\t<div class=\"elementor-element elementor-element-76fc1f8 color-scheme-inherit text-left elementor-widget elementor-widget-text-editor\" data-id=\"76fc1f8\" data-element_type=\"widget\" data-widget_type=\"text-editor.default\">\n\t\t\t\t<div class=\"elementor-widget-container\">\n\t\t\t\t\t\t\t\t\t<iframe src=\"https:\/\/www.google.com\/maps\/embed?pb=!1m18!1m12!1m3!1d13941.973230958025!2d24.833129837718577!3d59.415145968069176!2m3!1f0!2f0!3f0!3m2!1i1024!2i768!4f13.1!3m3!1m2!1s0x4692eb5ef9159655%3A0x358600a54455a1da!2sVIPERFORMANCE%20O%C3%9C!5e0!3m2!1sru!2see!4v1625658937956!5m2!1sru!2see\" width=\"100%\" height=\"400\" style=\"border:0;\" allowfullscreen=\"\" loading=\"lazy\"><\/iframe>\t\t\t\t\t\t\t\t<\/div>\n\t\t\t\t<\/div>\n\t\t\t\t\t<\/div>\n\t\t<\/div>\n\t\t\t\t\t<\/div>\n\t\t<\/section>\n\t\t\t\t<section class=\"elementor-section elementor-top-section elementor-element elementor-element-4385017 elementor-section-boxed elementor-section-height-default elementor-section-height-default\" data-id=\"4385017\" data-element_type=\"section\">\n\t\t\t\t\t\t<div class=\"elementor-container elementor-column-gap-default\">\n\t\t\t\t\t<div class=\"elementor-column elementor-col-50 elementor-top-column elementor-element elementor-element-5096115\" data-id=\"5096115\" data-element_type=\"column\">\n\t\t\t<div class=\"elementor-widget-wrap elementor-element-populated\">\n\t\t\t\t\t\t<div class=\"elementor-element elementor-element-5260894 wd-width-100 elementor-widget elementor-widget-wd_title\" data-id=\"5260894\" data-element_type=\"widget\" data-widget_type=\"wd_title.default\">\n\t\t\t\t<div class=\"elementor-widget-container\">\n\t\t\t\t\t\t\t<div class=\"title-wrapper set-mb-s reset-last-child wd-title-color-default wd-title-style-bordered wd-title-size-default text-left\">\n\n\t\t\t\n\t\t\t<div class=\"liner-continer\">\n\t\t\t\t<h4 class=\"woodmart-title-container title wd-fontsize-l\">\u041a\u043e\u043d\u0442\u0430\u043a\u0442\u043d\u0430\u044f \u0438\u043d\u0444\u043e\u0440\u043c\u0430\u0446\u0438\u044f<\/h4> \n\t\t\t\t\t\t\t<\/div>\n\n\t\t\t\t\t<\/div>\n\t\t\t\t\t\t<\/div>\n\t\t\t\t<\/div>\n\t\t\t\t<section class=\"elementor-section elementor-inner-section elementor-element elementor-element-2631236 elementor-section-boxed elementor-section-height-default elementor-section-height-default\" data-id=\"2631236\" data-element_type=\"section\">\n\t\t\t\t\t\t<div class=\"elementor-container elementor-column-gap-extended\">\n\t\t\t\t\t<div class=\"elementor-column elementor-col-50 elementor-inner-column elementor-element elementor-element-381994\" data-id=\"381994\" data-element_type=\"column\">\n\t\t\t<div class=\"elementor-widget-wrap elementor-element-populated\">\n\t\t\t\t\t\t<div class=\"elementor-element elementor-element-4475289 elementor-widget elementor-widget-wd_infobox\" data-id=\"4475289\" data-element_type=\"widget\" data-widget_type=\"wd_infobox.default\">\n\t\t\t\t<div class=\"elementor-widget-container\">\n\t\t\t\t\t\t\t<div class=\"info-box-wrapper\">\n\t\t\t<div class=\"wd-info-box text-left box-icon-align-left box-style-base color-scheme- wd-items-top\">\n\t\t\t\t\n\t\t\t\t<div class=\"info-box-content\">\n\t\t\t\t\t\n\t\t\t\t\t\n\t\t\t\t\t<div class=\"info-box-inner set-cont-mb-s reset-last-child\"data-elementor-setting-key=\"content\"><p><strong>\u0422\u0435\u043b\u0435\u0444\u043e\u043d:<\/strong> <a href=\"tel:37258581877\">+372 5858 1877<\/a><br \/><strong>E-mail:<\/strong> <a href=\"mailto:info@viperformance.ee\">info@viperformance.ee<\/a><\/p>\n<\/div>\n\n\t\t\t\t\t\t\t\t\t<\/div>\n\n\t\t\t\t\t\t\t<\/div>\n\t\t<\/div>\n\t\t\t\t\t\t<\/div>\n\t\t\t\t<\/div>\n\t\t\t\t<div class=\"elementor-element elementor-element-9613449 elementor-widget elementor-widget-wd_infobox\" data-id=\"9613449\" data-element_type=\"widget\" data-widget_type=\"wd_infobox.default\">\n\t\t\t\t<div class=\"elementor-widget-container\">\n\t\t\t\t\t\t\t<div class=\"info-box-wrapper\">\n\t\t\t<div class=\"wd-info-box text-left box-icon-align-left box-style-base color-scheme- wd-items-top\">\n\t\t\t\t\n\t\t\t\t<div class=\"info-box-content\">\n\t\t\t\t\t\n\t\t\t\t\t\n\t\t\t\t\t<div class=\"info-box-inner set-cont-mb-s reset-last-child\"data-elementor-setting-key=\"content\"><p>Suur-S\u00f5jam\u00e4e 19a<br \/>\nEesti, Tallinn, 11415<\/p>\n<\/div>\n\n\t\t\t\t\t\t\t\t\t<\/div>\n\n\t\t\t\t\t\t\t<\/div>\n\t\t<\/div>\n\t\t\t\t\t\t<\/div>\n\t\t\t\t<\/div>\n\t\t\t\t\t<\/div>\n\t\t<\/div>\n\t\t\t\t<div class=\"elementor-column elementor-col-50 elementor-top-column elementor-element elementor-element-382439\" data-id=\"382439\" data-element_type=\"column\">\n\t\t\t<div class=\"elementor-widget-wrap elementor-element-populated\">\n\t\t\t\t\t\t<div class=\"elementor-element elementor-element-9681426 elementor-widget elementor-widget-wd_infobox\" data-id=\"9681426\" data-element_type=\"widget\" data-widget_type=\"wd_infobox.default\">\n\t\t\t\t<div class=\"elementor-widget-container\">\n\t\t\t\t\t\t\t<div class=\"info-box-wrapper\">\n\t\t\t<div class=\"wd-info-box text-left box-icon-align-left box-style-base color-scheme- wd-items-top\">\n\t\t\t\t\n\t\t\t\t<div class=\"info-box-content\">\n\t\t\t\t\t\n\t\t\t\t\t\n\t\t\t\t\t<div class=\"info-box-inner set-cont-mb-s reset-last-child\"data-elementor-setting-key=\"content\"><p><strong>VIPERFORMANCE O\u00dc<\/strong><br \/>Reg.nr. 12620239<br \/>KMKR. EE102354609<\/p>\n<\/div>\n\n\t\t\t\t\t\t\t\t\t<\/div>\n\n\t\t\t\t\t\t\t<\/div>\n\t\t<\/div>\n\t\t\t\t\t\t<\/div>\n\t\t\t\t<\/div>\n\t\t\t\t\t<\/div>\n\t\t<\/div>\n\t\t\t\t\t<\/div>\n\t\t<\/section>\n\t\t\t\t\t<\/div>\n\t\t<\/div>\n\t\t\t\t<div class=\"elementor-column elementor-col-50 elementor-top-column elementor-element elementor-element-1836331\" data-id=\"1836331\" data-element_type=\"column\">\n\t\t\t<div class=\"elementor-widget-wrap elementor-element-populated\">\n\t\t\t\t\t\t<div class=\"elementor-element elementor-element-5822666 color-scheme-inherit text-left elementor-widget elementor-widget-text-editor\" data-id=\"5822666\" data-element_type=\"widget\" data-widget_type=\"text-editor.default\">\n\t\t\t\t<div class=\"elementor-widget-container\">\n\t\t\t\t\t\t\t\t\t<p style=\"text-align: left;\">\u041c\u044b \u0440\u0430\u0437\u0432\u0438\u0432\u0430\u0435\u043c \u0441\u0435\u0442\u044c \u043f\u043e \u0432\u0441\u0435\u0439 \u042d\u0441\u0442\u043e\u043d\u0438\u0438 \u0438 \u043f\u0440\u0438\u0433\u043b\u0430\u0448\u0430\u0435\u043c \u043a \u0441\u043e\u0442\u0440\u0443\u0434\u043d\u0438\u0447\u0435\u0441\u0442\u0432\u0443 \u043f\u043e\u0441\u0440\u0435\u0434\u043d\u0438\u043a\u043e\u0432 \u0438 \u0440\u0435\u0441\u0435\u043b\u043b\u0435\u0440\u043e\u0432. \u0414\u043e\u0431\u0438\u0432\u0430\u044f\u0441\u044c \u043f\u043e\u0441\u0442\u0435\u043f\u0435\u043d\u043d\u043e\u0433\u043e \u0443\u0432\u0435\u043b\u0438\u0447\u0435\u043d\u0438\u044f \u043e\u0431\u044a\u0435\u043c\u043e\u0432 \u043f\u0440\u043e\u0434\u0430\u0436, \u043c\u044b \u0432\u0435\u0434\u0435\u043c \u0441\u0442\u0440\u043e\u0433\u0438\u0439 \u043a\u043e\u043d\u0442\u0440\u043e\u043b\u044c \u0437\u0430 \u043a\u0430\u0447\u0435\u0441\u0442\u0432\u043e\u043c \u043f\u0440\u043e\u0434\u0443\u043a\u0446\u0438\u0438 \u0438 \u043e\u0431\u0441\u043b\u0443\u0436\u0438\u0432\u0430\u043d\u0438\u0435\u043c \u043a\u043b\u0438\u0435\u043d\u0442\u043e\u0432.<\/p>\t\t\t\t\t\t\t\t<\/div>\n\t\t\t\t<\/div>\n\t\t\t\t<div class=\"elementor-element elementor-element-475763 color-scheme-inherit text-left elementor-widget elementor-widget-text-editor\" data-id=\"475763\" data-element_type=\"widget\" data-widget_type=\"text-editor.default\">\n\t\t\t\t<div class=\"elementor-widget-container\">\n\t\t\t\t\t\t\t\t\t<p><span style=\"color: #333333;\"><strong>\u0425\u043e\u0442\u0438\u0442\u0435 \u0441\u0442\u0430\u0442\u044c \u043d\u0430\u0448\u0438\u043c \u043f\u0430\u0440\u0442\u043d\u0435\u0440\u043e\u043c?<br \/>\u041e\u0442\u043f\u0440\u0430\u0432\u044c\u0442\u0435 \u0437\u0430\u043f\u0440\u043e\u0441 \u043d\u0430 \u043d\u0430\u0448 \u0430\u0434\u0440\u0435\u0441 \u044d\u043b\u0435\u043a\u0442\u0440\u043e\u043d\u043d\u043e\u0439 \u043f\u043e\u0447\u0442\u044b <a href=\"mailto:info@viperformance.ee\">info@viperformance.ee<\/a>.<\/strong><\/span><\/p>\t\t\t\t\t\t\t\t<\/div>\n\t\t\t\t<\/div>\n\t\t\t\t\t<\/div>\n\t\t<\/div>\n\t\t\t\t\t<\/div>\n\t\t<\/section>\n\t\t\t\t<\/div>\n\t\t","protected":false},"excerpt":{"rendered":"<p>\u041a\u043e\u043d\u0442\u0430\u043a\u0442\u043d\u0430\u044f \u0438\u043d\u0444\u043e\u0440\u043c\u0430\u0446\u0438\u044f \u0422\u0435\u043b\u0435\u0444\u043e\u043d: +372 5858 1877E-mail: info@viperformance.ee Suur-S\u00f5jam\u00e4e 19a Eesti, Tallinn, 11415 VIPERFORMANCE O\u00dcReg.nr. 12620239KMKR. EE102354609 \u041c\u044b \u0440\u0430\u0437\u0432\u0438\u0432\u0430\u0435\u043c \u0441\u0435\u0442\u044c \u043f\u043e<\/p>\n","protected":false},"author":1,"featured_media":0,"parent":0,"menu_order":0,"comment_status":"closed","ping_status":"closed","template":"","meta":{"inline_featured_image":false,"footnotes":""},"class_list":["post-31453","page","type-page","status-publish","hentry"],"_links":{"self":[{"href":"https:\/\/pood.viperformance.ee\/ru\/wp-json\/wp\/v2\/pages\/31453","targetHints":{"allow":["GET"]}}],"collection":[{"href":"https:\/\/pood.viperformance.ee\/ru\/wp-json\/wp\/v2\/pages"}],"about":[{"href":"https:\/\/pood.viperformance.ee\/ru\/wp-json\/wp\/v2\/types\/page"}],"author":[{"embeddable":true,"href":"https:\/\/pood.viperformance.ee\/ru\/wp-json\/wp\/v2\/users\/1"}],"replies":[{"embeddable":true,"href":"https:\/\/pood.viperformance.ee\/ru\/wp-json\/wp\/v2\/comments?post=31453"}],"version-history":[{"count":7,"href":"https:\/\/pood.viperformance.ee\/ru\/wp-json\/wp\/v2\/pages\/31453\/revisions"}],"predecessor-version":[{"id":36159,"href":"https:\/\/pood.viperformance.ee\/ru\/wp-json\/wp\/v2\/pages\/31453\/revisions\/36159"}],"wp:attachment":[{"href":"https:\/\/pood.viperformance.ee\/ru\/wp-json\/wp\/v2\/media?parent=31453"}],"curies":[{"name":"wp","href":"https:\/\/api.w.org\/{rel}","templated":true}]}}