{"id":32539,"date":"2021-12-19T08:18:44","date_gmt":"2021-12-19T06:18:44","guid":{"rendered":"https:\/\/pood.viperformance.ee\/toode\/ford-cosworth-2-0-yb-athena-cooper-ring-cylinder-head-gasket-92-1x2mm-330046r\/"},"modified":"2023-03-13T10:48:27","modified_gmt":"2023-03-13T08:48:27","slug":"ford-cosworth-2-0-yb-athena-cooper-ring-cylinder-head-gasket-92-1x2mm-330046r","status":"publish","type":"product","link":"https:\/\/pood.viperformance.ee\/ru\/toode\/ford-cosworth-2-0-yb-athena-cooper-ring-cylinder-head-gasket-92-1x2mm-330046r\/","title":{"rendered":"Ford Cosworth 2.0 YB Athena Cooper Ring cylinder head gasket 92.1x2mm 330046R"},"content":{"rendered":"<div class=\"col-sm-12\">\n<div class=\"details-content\">\n<div class=\"detail-text\"><span style=\"font-size: 12pt;\">Athena Racing 330 series Cooper Ring cylinder head gasket.<\/span><br \/>\n<span style=\"font-size: 12pt;\">For specific high horsepower applications, engine performance can be significantly improved by using Athena Cooper Ring gaskets, that are supplied with INOX steel ring. This technology outperforms conventional fire ring solutions.<\/span><br \/>\n<span style=\"font-size: 12pt;\">Cooper Rings are oversize (also fits for oversize bores).<\/span><br \/>\n<span style=\"font-size: 12pt;\">Part number: 330046R<\/span><br \/>\n<span style=\"font-size: 12pt;\">Gasket thickness: 2.00mm<\/span><br \/>\n<span style=\"font-size: 12pt;\"><span style=\"font-size: 12pt;\">Bore size: 92.10mm<\/p>\n<p><\/span><\/span><\/p>\n<table border=\"1\" width=\"100%\" cellspacing=\"0\" cellpadding=\"4\">\n<colgroup>\n<col width=\"107\" \/>\n<col width=\"149\" \/><\/colgroup>\n<tbody>\n<tr>\n<td colspan=\"2\" valign=\"top\" bgcolor=\"#ffffff\" width=\"100%\">\n<p lang=\"lt-lt\" style=\"font-style: normal; font-weight: normal;\" xml:lang=\"lt-lt\" align=\"center\"><span style=\"color: #ff0000; font-size: 14pt;\"><span style=\"font-family: Verdana, sans-serif;\">Teilenummer beginnt 330<\/span><\/span><\/p>\n<\/td>\n<\/tr>\n<tr>\n<td colspan=\"2\" valign=\"top\" bgcolor=\"#ffffff\" width=\"100%\">\n<p style=\"font-style: normal; font-weight: normal;\" align=\"center\"><span style=\"color: #ff0000;\"><span style=\"font-family: Verdana, sans-serif;\"><span style=\"font-size: medium;\">Athena <span lang=\"de-de\" xml:lang=\"de-de\">Vorteile<\/span><\/span><\/span><\/span><\/p>\n<\/td>\n<\/tr>\n<tr valign=\"top\">\n<td bgcolor=\"#ffffff\" width=\"42%\">\n<p lang=\"de-de\" style=\"font-style: normal; font-weight: normal;\" xml:lang=\"de-de\" align=\"center\"><strong><span style=\"color: #000000;\"><span style=\"font-family: Verdana, sans-serif;\"><span style=\"font-size: medium;\">Verst\u00e4rktes Material<\/span><\/span><\/span><\/strong><\/p>\n<\/td>\n<td bgcolor=\"#ffffff\" width=\"58%\">\n<p lang=\"de-de\" style=\"font-style: normal; font-weight: normal;\" xml:lang=\"de-de\" align=\"center\"><span style=\"color: #000000;\"><span style=\"font-family: Verdana, sans-serif;\"><span style=\"font-size: medium;\">OE genehmigt Asbestfreie Verbund Rohstof<\/span><\/span><\/span><\/p>\n<\/td>\n<\/tr>\n<tr valign=\"top\">\n<td bgcolor=\"#ffffff\" width=\"42%\">\n<p style=\"font-style: normal; font-weight: normal;\" align=\"center\"><strong><span style=\"color: #000000;\"><span style=\"font-family: Verdana, sans-serif;\"><span style=\"font-size: medium;\"><span lang=\"de-de\" xml:lang=\"de-de\">Edelstahlringen<\/span> (AISI304)<\/span><\/span><\/span><\/strong><\/p>\n<\/td>\n<td bgcolor=\"#ffffff\" width=\"58%\">\n<p lang=\"de-de\" style=\"font-style: normal; font-weight: normal;\" xml:lang=\"de-de\" align=\"center\"><span style=\"color: #000000;\"><span style=\"font-family: Verdana, sans-serif;\"><span style=\"font-size: medium;\">Einzelne Edelstahlringe gew\u00e4hrleisten maximale Besiegelung um die Zylinderbohrungen, unter extremen Bedingungen, auch mit dem NOS-System und\/oder Turbo-Aufladung, wenn die MLS Dichtung unf\u00e4hig abgedichtet Brennkammer arbeitet. Zylinderkopf und Motorblock ben\u00f6tigt keine speziellen Behandlungen.<\/span><\/span><\/span><\/p>\n<\/td>\n<\/tr>\n<tr valign=\"top\">\n<td bgcolor=\"#ffffff\" width=\"42%\">\n<p style=\"font-style: normal; font-weight: normal;\" align=\"center\"><strong><span style=\"color: #000000;\"><span style=\"font-family: Verdana, sans-serif;\"><span style=\"font-size: medium;\">Silikon Beading<\/span><\/span><\/span><\/strong><\/p>\n<\/td>\n<td bgcolor=\"#ffffff\" width=\"58%\">\n<p lang=\"lt-lt\" style=\"font-style: normal; font-weight: normal;\" xml:lang=\"lt-lt\" align=\"center\"><span style=\"color: #000000;\"><span style=\"font-family: Verdana, sans-serif;\"><span style=\"font-size: medium;\">Silikon Beading <span lang=\"de-de\" xml:lang=\"de-de\">wird auf kritische Bereiche angewendet zu verbessern Abdichten um alle K\u00fchlwasser- und \u00d6lkan\u00e4le.<\/span><\/span><\/span><\/span><\/p>\n<\/td>\n<\/tr>\n<\/tbody>\n<\/table>\n<\/div>\n<\/div>\n<\/div>\n","protected":false},"excerpt":{"rendered":"<p>Athena Racing 330 series Cooper Ring cylinder head gasket. For specific high horsepower applications, engine performance can be significantly improved<\/p>\n","protected":false},"featured_media":30451,"template":"","meta":{"inline_featured_image":false},"product_brand":[],"product_cat":[598],"product_tag":[],"class_list":{"0":"post-32539","1":"product","2":"type-product","3":"status-publish","4":"has-post-thumbnail","6":"product_cat-athena-racing-head-gaskets-ru","8":"first","9":"outofstock","10":"taxable","11":"shipping-taxable","12":"purchasable","13":"product-type-simple"},"_links":{"self":[{"href":"https:\/\/pood.viperformance.ee\/ru\/wp-json\/wp\/v2\/product\/32539","targetHints":{"allow":["GET"]}}],"collection":[{"href":"https:\/\/pood.viperformance.ee\/ru\/wp-json\/wp\/v2\/product"}],"about":[{"href":"https:\/\/pood.viperformance.ee\/ru\/wp-json\/wp\/v2\/types\/product"}],"version-history":[{"count":1,"href":"https:\/\/pood.viperformance.ee\/ru\/wp-json\/wp\/v2\/product\/32539\/revisions"}],"predecessor-version":[{"id":32804,"href":"https:\/\/pood.viperformance.ee\/ru\/wp-json\/wp\/v2\/product\/32539\/revisions\/32804"}],"wp:featuredmedia":[{"embeddable":true,"href":"https:\/\/pood.viperformance.ee\/ru\/wp-json\/wp\/v2\/media\/30451"}],"wp:attachment":[{"href":"https:\/\/pood.viperformance.ee\/ru\/wp-json\/wp\/v2\/media?parent=32539"}],"wp:term":[{"taxonomy":"product_brand","embeddable":true,"href":"https:\/\/pood.viperformance.ee\/ru\/wp-json\/wp\/v2\/product_brand?post=32539"},{"taxonomy":"product_cat","embeddable":true,"href":"https:\/\/pood.viperformance.ee\/ru\/wp-json\/wp\/v2\/product_cat?post=32539"},{"taxonomy":"product_tag","embeddable":true,"href":"https:\/\/pood.viperformance.ee\/ru\/wp-json\/wp\/v2\/product_tag?post=32539"}],"curies":[{"name":"wp","href":"https:\/\/api.w.org\/{rel}","templated":true}]}}